{"id":9734,"date":"2021-02-24T10:33:09","date_gmt":"2021-02-24T10:33:09","guid":{"rendered":"http:\/\/moversco.themestek.com\/moversco-datasite\/?page_id=9734"},"modified":"2022-03-29T17:14:55","modified_gmt":"2022-03-29T21:14:55","slug":"homepage-5","status":"publish","type":"page","link":"https:\/\/mudanzasghh.com\/","title":{"rendered":"Homepage-5"},"content":{"rendered":"<p>[vc_row themestek_bgcolor=\u00bbwhite\u00bb full_width=\u00bbstretch_row\u00bb el_class=\u00bbts-step-counter\u00bb css=\u00bb.vc_custom_1613551100682{margin-top: -245px !important;padding-top: 238px !important;padding-bottom: 0px !important;}\u00bb themestek_responsive_css=\u00bb39594193|colbreak_no|||||||||colbreak_no|||||||||colbreak_no|||||230|||||colbreak_no|||||||||\u00bb][vc_column width=\u00bb1\/2&#8243; themestek_responsive_css=\u00bb90449095|colbreak_no|||||||||colbreak_no|||||||||colbreak_no||||||||||colbreak_no|||||||||\u00bb offset=\u00bbvc_col-lg-3 vc_col-md-3&#8243;]<div class=\"themestek-ihbox themestek-ihbox-style-10 themestek-ihbox-itype-icon \">\r\n\t<div class=\"themestek-sbox-bgimage-layer themestek-bgimage-layer\"><\/div>\r\n\t<div class=\"themestek-ihbox-wrapper-bg-layer themestek-bg-layer\"><\/div>\r\n\t<div class=\"themestek-ihbox-inner\">\r\n\t\t<div class=\"themestek-ihbox-icon themestek-large-icon\">\r\n\t\t\t<div class=\"themestek-ihbox-icon-wrapper\"><i class=\"themestek-moversco-business-icon themestek-moversco-business-icon-box\"><\/i><\/div>\t\t<\/div>\r\n\t\t<div class=\"themestek-ihbox-contents\">\r\n\t\t\t<div class=\"themestek-vc_general themestek-vc_cta3 themestek-cta3-only themestek-vc_cta3-style-classic themestek-vc_cta3-shape-rounded themestek-vc_cta3-align-left themestek-vc_cta3-color-transparent themestek-vc_cta3-icon-size-md themestek-vc_cta3-actions-no themestek-cta3-without-desc\"><div class=\"themestek-vc_cta3_content-container\"><div class=\"themestek-vc_cta3-content\"><div class=\"themestek-vc_cta3-content-header themestek-wrap\"><div class=\"themestek-vc_cta3-headers themestek-wrap-cell\"><h2 class=\"themestek-custom-heading \">Planeaci\u00f3n Log\u00edstica<\/h2>\n<\/div><\/div><\/div><\/div><\/div>\t\t\t<div class=\"themestek-cta3-content-wrapper\">Tenemos a disposici\u00f3n los mejores operarios especializados para cargar y descargar.<\/div>\t\t\t\t\t<\/div><!-- .themestek-ihbox-contents -->\r\n\t<\/div>\r\n<\/div>\r\n[\/vc_column][vc_column width=\u00bb1\/2&#8243; offset=\u00bbvc_col-lg-3 vc_col-md-3&#8243;]<div class=\"themestek-ihbox themestek-ihbox-style-10 themestek-ihbox-itype-icon \">\r\n\t<div class=\"themestek-sbox-bgimage-layer themestek-bgimage-layer\"><\/div>\r\n\t<div class=\"themestek-ihbox-wrapper-bg-layer themestek-bg-layer\"><\/div>\r\n\t<div class=\"themestek-ihbox-inner\">\r\n\t\t<div class=\"themestek-ihbox-icon themestek-large-icon\">\r\n\t\t\t<div class=\"themestek-ihbox-icon-wrapper\"><i class=\"themestek-moversco-business-icon themestek-moversco-business-icon-boxes\"><\/i><\/div>\t\t<\/div>\r\n\t\t<div class=\"themestek-ihbox-contents\">\r\n\t\t\t<div class=\"themestek-vc_general themestek-vc_cta3 themestek-cta3-only themestek-vc_cta3-style-classic themestek-vc_cta3-shape-rounded themestek-vc_cta3-align-left themestek-vc_cta3-color-transparent themestek-vc_cta3-icon-size-md themestek-vc_cta3-actions-no themestek-cta3-without-desc\"><div class=\"themestek-vc_cta3_content-container\"><div class=\"themestek-vc_cta3-content\"><div class=\"themestek-vc_cta3-content-header themestek-wrap\"><div class=\"themestek-vc_cta3-headers themestek-wrap-cell\"><h2 class=\"themestek-custom-heading \">Embalaje<\/h2>\n<\/div><\/div><\/div><\/div><\/div>\t\t\t<div class=\"themestek-cta3-content-wrapper\">Empaque, desempaque, embalaje de equipo, mobiliario, maquinaria que requiere de cuidado especial.<\/div>\t\t\t\t\t<\/div><!-- .themestek-ihbox-contents -->\r\n\t<\/div>\r\n<\/div>\r\n[\/vc_column][vc_column width=\u00bb1\/2&#8243; offset=\u00bbvc_col-lg-3 vc_col-md-3&#8243;]<div class=\"themestek-ihbox themestek-ihbox-style-10 themestek-ihbox-itype-icon \">\r\n\t<div class=\"themestek-sbox-bgimage-layer themestek-bgimage-layer\"><\/div>\r\n\t<div class=\"themestek-ihbox-wrapper-bg-layer themestek-bg-layer\"><\/div>\r\n\t<div class=\"themestek-ihbox-inner\">\r\n\t\t<div class=\"themestek-ihbox-icon themestek-large-icon\">\r\n\t\t\t<div class=\"themestek-ihbox-icon-wrapper\"><i class=\"themestek-moversco-business-icon themestek-moversco-business-icon-truck\"><\/i><\/div>\t\t<\/div>\r\n\t\t<div class=\"themestek-ihbox-contents\">\r\n\t\t\t<div class=\"themestek-vc_general themestek-vc_cta3 themestek-cta3-only themestek-vc_cta3-style-classic themestek-vc_cta3-shape-rounded themestek-vc_cta3-align-left themestek-vc_cta3-color-transparent themestek-vc_cta3-icon-size-md themestek-vc_cta3-actions-no themestek-cta3-without-desc\"><div class=\"themestek-vc_cta3_content-container\"><div class=\"themestek-vc_cta3-content\"><div class=\"themestek-vc_cta3-content-header themestek-wrap\"><div class=\"themestek-vc_cta3-headers themestek-wrap-cell\"><h2 class=\"themestek-custom-heading \">Agenda tu Mudanza<\/h2>\n<\/div><\/div><\/div><\/div><\/div>\t\t\t<div class=\"themestek-cta3-content-wrapper\">La atenci\u00f3n es personal en todo momento, desde la cotizaci\u00f3n hasta la planeaci\u00f3n de tu mudanza.<\/div>\t\t\t\t\t<\/div><!-- .themestek-ihbox-contents -->\r\n\t<\/div>\r\n<\/div>\r\n[\/vc_column][vc_column width=\u00bb1\/2&#8243; offset=\u00bbvc_col-lg-3 vc_col-md-3&#8243;]<div class=\"themestek-ihbox themestek-ihbox-style-10 themestek-ihbox-itype-icon \">\r\n\t<div class=\"themestek-sbox-bgimage-layer themestek-bgimage-layer\"><\/div>\r\n\t<div class=\"themestek-ihbox-wrapper-bg-layer themestek-bg-layer\"><\/div>\r\n\t<div class=\"themestek-ihbox-inner\">\r\n\t\t<div class=\"themestek-ihbox-icon themestek-large-icon\">\r\n\t\t\t<div class=\"themestek-ihbox-icon-wrapper\"><i class=\"themestek-moversco-business-icon themestek-moversco-business-icon-truck-1\"><\/i><\/div>\t\t<\/div>\r\n\t\t<div class=\"themestek-ihbox-contents\">\r\n\t\t\t<div class=\"themestek-vc_general themestek-vc_cta3 themestek-cta3-only themestek-vc_cta3-style-classic themestek-vc_cta3-shape-rounded themestek-vc_cta3-align-left themestek-vc_cta3-color-transparent themestek-vc_cta3-icon-size-md themestek-vc_cta3-actions-no themestek-cta3-without-desc\"><div class=\"themestek-vc_cta3_content-container\"><div class=\"themestek-vc_cta3-content\"><div class=\"themestek-vc_cta3-content-header themestek-wrap\"><div class=\"themestek-vc_cta3-headers themestek-wrap-cell\"><h2 class=\"themestek-custom-heading \">Rastreo de tu Mudanza<\/h2>\n<\/div><\/div><\/div><\/div><\/div>\t\t\t<div class=\"themestek-cta3-content-wrapper\">Con nuestro sistema de Rastreo puedes saber con exactitud el estado y localizaci\u00f3n de tu carga.<\/div>\t\t\t\t\t<\/div><!-- .themestek-ihbox-contents -->\r\n\t<\/div>\r\n<\/div>\r\n[vc_separator][\/vc_column][\/vc_row][vc_row full_width=\u00bbstretch_row\u00bb css=\u00bb.vc_custom_1613554679928{padding-top: 105px !important;padding-bottom: 0px !important;}\u00bb themestek_responsive_css=\u00bb73195822|colbreak_no|||||||||colbreak_no|||||80||||colbreak_no|||||70|||||colbreak_no|||||||||\u00bb][vc_column el_class=\u00bbts-custom-heading-style\u00bb]<div class=\"themestek-element-heading-wrapper themestek-heading-inner themestek-element-align-center themestek-seperator-none \"><section class=\"themestek-vc_cta3-container\"><div class=\"themestek-vc_general themestek-vc_cta3 themestek-cta3-only themestek-vc_cta3-style-classic themestek-vc_cta3-shape-rounded themestek-vc_cta3-align-center themestek-vc_cta3-color-transparent themestek-vc_cta3-icon-size-md themestek-vc_cta3-actions-no themestek-cta3-without-desc\"><div class=\"themestek-vc_cta3_content-container\"><div class=\"themestek-vc_cta3-content\"><div class=\"themestek-vc_cta3-content-header themestek-wrap\"><div class=\"themestek-vc_cta3-headers themestek-wrap-cell\"><h4 class=\"themestek-custom-heading \" >Amplia Cobertura<\/h4>\n<h2 class=\"themestek-custom-heading \" >Llegamos a cualquier <strong>parte de republica dominicana<\/strong><\/h2>\n<\/div><\/div><\/div><\/div><\/div><\/section><\/div> <!-- .themestek-element-heading-wrapper container --> [\/vc_column][\/vc_row][vc_row full_width=\u00bbstretch_row\u00bb css=\u00bb.vc_custom_1615190816577{padding-top: 280px !important;padding-bottom: 295px !important;background-image: url(https:\/\/mudanzasghh.com\/wp-content\/uploads\/2021\/03\/map.png?id=9827) !important;background-position: 0 0 !important;background-repeat: no-repeat !important;}\u00bb][vc_column css=\u00bb.vc_custom_1615190521020{background-image: url(https:\/\/mudanzasghh.com\/wp-content\/uploads\/2021\/03\/map.png?id=9827) !important;}\u00bb][\/vc_column][\/vc_row][vc_row el_class=\u00bbts-column-design\u00bb css=\u00bb.vc_custom_1615190822722{margin-top: -125px !important;padding-top: 0px !important;padding-bottom: 0px !important;}\u00bb themestek_responsive_css=\u00bb44801067|colbreak_no|||||||||colbreak_yes|||||||||colbreak_no||||||||||colbreak_no|||||||||\u00bb][vc_column width=\u00bb1\/2&#8243; el_class=\u00bbts-bg-box-shadow\u00bb themestek_responsive_css=\u00bb47492283|colbreak_no|||||||||colbreak_no|||30||||||colbreak_no||||||||||colbreak_no|||||||||\u00bb][vc_row_inner themestek_bgcolor=\u00bbwhite\u00bb gap=\u00bb0px\u00bb css=\u00bb.vc_custom_1611141057285{margin-right: 0px !important;margin-left: 0px !important;padding-top: 20px !important;padding-right: 15px !important;padding-bottom: 5px !important;padding-left: 10px !important;}\u00bb][vc_column_inner width=\u00bb1\/4&#8243; css=\u00bb.vc_custom_1611138780865{margin-top: 30px !important;padding-right: 0px !important;}\u00bb]<div class=\"themestek-vc_icon_element themestek-vc_icon_element-outer themestek-vc_icon_element-align-center \"><div class=\"themestek-vc_icon_element-inner  themestek-vc_icon_element-color-black themestek-vc_icon_element-size-xl themestek-vc_icon_element-style- themestek-vc_icon_element-background-color-grey\" ><span class=\"themestek-vc_icon_element-icon themestek-moversco-business-icon themestek-moversco-business-icon-smartphone\" ><\/span><\/div><\/div>[\/vc_column_inner][vc_column_inner width=\u00bb3\/4&#8243; css=\u00bb.vc_custom_1611141034015{padding-left: 10px !important;}\u00bb][vc_column_text]<\/p>\n<h5>Cotiza por Whatsapp <span class=\"themestek-skincolor\">+1809.231.0555<\/span><\/h5>\n<p>Nuestro compromiso es brindarle el mejor servicio de acuerdo a sus necesidades.[\/vc_column_text][\/vc_column_inner][\/vc_row_inner][\/vc_column][vc_column width=\u00bb1\/2&#8243;][vc_row_inner themestek_bgcolor=\u00bbskincolor\u00bb gap=\u00bb0px\u00bb css=\u00bb.vc_custom_1611141096806{margin-right: 0px !important;margin-left: 0px !important;padding-top: 20px !important;padding-right: 10px !important;padding-bottom: 5px !important;padding-left: 15px !important;}\u00bb][vc_column_inner width=\u00bb3\/4&#8243; css=\u00bb.vc_custom_1611141083805{padding-right: 10px !important;}\u00bb][vc_column_text el_class=\u00bbtext-right\u00bb]<\/p>\n<h5><span class=\"\">M\u00e1s de 556450+<\/span> Mudanzas<\/h5>\n<p>por la combinaci\u00f3n de servicio equipo y tecnolog\u00eda adaptado a los clientes.[\/vc_column_text][\/vc_column_inner][vc_column_inner width=\u00bb1\/4&#8243; css=\u00bb.vc_custom_1611138803504{margin-top: 30px !important;padding-left: 0px !important;}\u00bb]<div class=\"themestek-vc_icon_element themestek-vc_icon_element-outer themestek-vc_icon_element-align-center \"><div class=\"themestek-vc_icon_element-inner  themestek-vc_icon_element-color-black themestek-vc_icon_element-size-xl themestek-vc_icon_element-style- themestek-vc_icon_element-background-color-grey\" ><span class=\"themestek-vc_icon_element-icon themestek-moversco-business-icon themestek-moversco-business-icon-box\" ><\/span><\/div><\/div>[\/vc_column_inner][\/vc_row_inner][\/vc_column][\/vc_row][vc_row][vc_column][\/vc_column][\/vc_row]<\/p>\n","protected":false},"excerpt":{"rendered":"<p>[vc_row themestek_bgcolor=\u00bbwhite\u00bb full_width=\u00bbstretch_row\u00bb el_class=\u00bbts-step-counter\u00bb css=\u00bb.vc_custom_1613551100682{margin-top: -245px !important;padding-top: 238px !important;padding-bottom: 0px !important;}\u00bb themestek_responsive_css=\u00bb39594193|colbreak_no|||||||||colbreak_no|||||||||colbreak_no|||||230|||||colbreak_no|||||||||\u00bb][vc_column width=\u00bb1\/2&#8243; themestek_responsive_css=\u00bb90449095|colbreak_no|||||||||colbreak_no|||||||||colbreak_no||||||||||colbreak_no|||||||||\u00bb offset=\u00bbvc_col-lg-3 vc_col-md-3&#8243;][\/vc_column][vc_column width=\u00bb1\/2&#8243; offset=\u00bbvc_col-lg-3 vc_col-md-3&#8243;][\/vc_column][vc_column width=\u00bb1\/2&#8243; offset=\u00bbvc_col-lg-3 vc_col-md-3&#8243;][\/vc_column][vc_column width=\u00bb1\/2&#8243; offset=\u00bbvc_col-lg-3 vc_col-md-3&#8243;][vc_separator][\/vc_column][\/vc_row][vc_row full_width=\u00bbstretch_row\u00bb css=\u00bb.vc_custom_1613554679928{padding-top: 105px !important;padding-bottom: 0px !important;}\u00bb themestek_responsive_css=\u00bb73195822|colbreak_no|||||||||colbreak_no|||||80||||colbreak_no|||||70|||||colbreak_no|||||||||\u00bb][vc_column el_class=\u00bbts-custom-heading-style\u00bb][\/vc_column][\/vc_row][vc_row full_width=\u00bbstretch_row\u00bb css=\u00bb.vc_custom_1615190816577{padding-top: 280px !important;padding-bottom: 295px !important;background-image: url(https:\/\/mudanzasghh.com\/wp-content\/uploads\/2021\/03\/map.png?id=9827) !important;background-position: 0 0 !important;background-repeat: no-repeat !important;}\u00bb][vc_column css=\u00bb.vc_custom_1615190521020{background-image: url(https:\/\/mudanzasghh.com\/wp-content\/uploads\/2021\/03\/map.png?id=9827) !important;}\u00bb][\/vc_column][\/vc_row][vc_row el_class=\u00bbts-column-design\u00bb css=\u00bb.vc_custom_1615190822722{margin-top: -125px !important;padding-top: 0px !important;padding-bottom: &hellip; <a href=\"https:\/\/mudanzasghh.com\/\" class=\"more-link\">Continue reading <span class=\"screen-reader-text\">Homepage-5<\/span><\/a><\/p>\n","protected":false},"author":1,"featured_media":0,"parent":0,"menu_order":5,"comment_status":"closed","ping_status":"closed","template":"","meta":{"_joinchat":[],"footnotes":""},"class_list":["post-9734","page","type-page","status-publish","hentry"],"_links":{"self":[{"href":"https:\/\/mudanzasghh.com\/index.php\/wp-json\/wp\/v2\/pages\/9734","targetHints":{"allow":["GET"]}}],"collection":[{"href":"https:\/\/mudanzasghh.com\/index.php\/wp-json\/wp\/v2\/pages"}],"about":[{"href":"https:\/\/mudanzasghh.com\/index.php\/wp-json\/wp\/v2\/types\/page"}],"author":[{"embeddable":true,"href":"https:\/\/mudanzasghh.com\/index.php\/wp-json\/wp\/v2\/users\/1"}],"replies":[{"embeddable":true,"href":"https:\/\/mudanzasghh.com\/index.php\/wp-json\/wp\/v2\/comments?post=9734"}],"version-history":[{"count":62,"href":"https:\/\/mudanzasghh.com\/index.php\/wp-json\/wp\/v2\/pages\/9734\/revisions"}],"predecessor-version":[{"id":9832,"href":"https:\/\/mudanzasghh.com\/index.php\/wp-json\/wp\/v2\/pages\/9734\/revisions\/9832"}],"wp:attachment":[{"href":"https:\/\/mudanzasghh.com\/index.php\/wp-json\/wp\/v2\/media?parent=9734"}],"curies":[{"name":"wp","href":"https:\/\/api.w.org\/{rel}","templated":true}]}}